{"id":2437,"date":"2023-09-05T11:27:07","date_gmt":"2023-09-05T11:27:07","guid":{"rendered":"https:\/\/comunicarteconsulting.com\/cookies-policy\/"},"modified":"2023-09-05T11:37:14","modified_gmt":"2023-09-05T11:37:14","slug":"cookies-policy","status":"publish","type":"page","link":"https:\/\/comunicarteconsulting.com\/en\/cookies-policy\/","title":{"rendered":"Cookies policy"},"content":{"rendered":"\t\t<div data-elementor-type=\"wp-page\" data-elementor-id=\"2437\" class=\"elementor elementor-2437 elementor-2420\" data-elementor-post-type=\"page\">\n\t\t\t\t\t\t\t\t\t<section class=\"elementor-section elementor-top-section elementor-element elementor-element-b91294e elementor-section-boxed elementor-section-height-default elementor-section-height-default\" data-id=\"b91294e\" data-element_type=\"section\">\n\t\t\t\t\t\t<div class=\"elementor-container elementor-column-gap-default\">\n\t\t\t\t\t<div class=\"elementor-column elementor-col-100 elementor-top-column elementor-element elementor-element-2493a7f\" data-id=\"2493a7f\" data-element_type=\"column\">\n\t\t\t<div class=\"elementor-widget-wrap elementor-element-populated\">\n\t\t\t\t\t\t\t\t<div class=\"elementor-element elementor-element-7434886 elementor-widget elementor-widget-heading\" data-id=\"7434886\" data-element_type=\"widget\" data-widget_type=\"heading.default\">\n\t\t\t\t<div class=\"elementor-widget-container\">\n\t\t\t<style>\/*! elementor - v3.17.0 - 01-11-2023 *\/\n.elementor-heading-title{padding:0;margin:0;line-height:1}.elementor-widget-heading .elementor-heading-title[class*=elementor-size-]>a{color:inherit;font-size:inherit;line-height:inherit}.elementor-widget-heading .elementor-heading-title.elementor-size-small{font-size:15px}.elementor-widget-heading .elementor-heading-title.elementor-size-medium{font-size:19px}.elementor-widget-heading .elementor-heading-title.elementor-size-large{font-size:29px}.elementor-widget-heading .elementor-heading-title.elementor-size-xl{font-size:39px}.elementor-widget-heading .elementor-heading-title.elementor-size-xxl{font-size:59px}<\/style><h1 class=\"elementor-heading-title elementor-size-default\">Cookies policy<\/h1>\t\t<\/div>\n\t\t\t\t<\/div>\n\t\t\t\t<div class=\"elementor-element elementor-element-e980025 elementor-widget elementor-widget-text-editor\" data-id=\"e980025\" data-element_type=\"widget\" data-widget_type=\"text-editor.default\">\n\t\t\t\t<div class=\"elementor-widget-container\">\n\t\t\t<style>\/*! elementor - v3.17.0 - 01-11-2023 *\/\n.elementor-widget-text-editor.elementor-drop-cap-view-stacked .elementor-drop-cap{background-color:#69727d;color:#fff}.elementor-widget-text-editor.elementor-drop-cap-view-framed .elementor-drop-cap{color:#69727d;border:3px solid;background-color:transparent}.elementor-widget-text-editor:not(.elementor-drop-cap-view-default) .elementor-drop-cap{margin-top:8px}.elementor-widget-text-editor:not(.elementor-drop-cap-view-default) .elementor-drop-cap-letter{width:1em;height:1em}.elementor-widget-text-editor .elementor-drop-cap{float:left;text-align:center;line-height:1;font-size:50px}.elementor-widget-text-editor .elementor-drop-cap-letter{display:inline-block}<\/style>\t\t\t\tRegion EU not activated for cookie-statement.\n\t\t\t\t\t\t<\/div>\n\t\t\t\t<\/div>\n\t\t\t\t\t<\/div>\n\t\t<\/div>\n\t\t\t\t\t\t\t<\/div>\n\t\t<\/section>\n\t\t\t\t\t\t\t<\/div>\n\t\t","protected":false},"excerpt":{"rendered":"<p>Cookies policy<\/p>\n","protected":false},"author":2,"featured_media":0,"parent":0,"menu_order":0,"comment_status":"closed","ping_status":"closed","template":"elementor_header_footer","meta":{"footnotes":""},"yoast_head":"<!-- This site is optimized with the Yoast SEO plugin v21.5 - https:\/\/yoast.com\/wordpress\/plugins\/seo\/ -->\n<title>Cookies policy - Comunicarte<\/title>\n<meta name=\"robots\" content=\"index, follow, max-snippet:-1, max-image-preview:large, max-video-preview:-1\" \/>\n<link rel=\"canonical\" href=\"https:\/\/comunicarteconsulting.com\/politica-de-cookies\/\" \/>\n<meta property=\"og:locale\" content=\"en_US\" \/>\n<meta property=\"og:type\" content=\"article\" \/>\n<meta property=\"og:title\" content=\"Cookies policy - Comunicarte\" \/>\n<meta property=\"og:description\" content=\"Cookies policy\" \/>\n<meta property=\"og:url\" content=\"https:\/\/comunicarteconsulting.com\/politica-de-cookies\/\" \/>\n<meta property=\"og:site_name\" content=\"Comunicarte\" \/>\n<meta property=\"article:modified_time\" content=\"2023-09-05T11:37:14+00:00\" \/>\n<meta name=\"twitter:card\" content=\"summary_large_image\" \/>\n<script type=\"application\/ld+json\" class=\"yoast-schema-graph\">{\"@context\":\"https:\/\/schema.org\",\"@graph\":[{\"@type\":\"WebPage\",\"@id\":\"https:\/\/comunicarteconsulting.com\/politica-de-cookies\/\",\"url\":\"https:\/\/comunicarteconsulting.com\/politica-de-cookies\/\",\"name\":\"Cookies policy - Comunicarte\",\"isPartOf\":{\"@id\":\"https:\/\/comunicarteconsulting.com\/#website\"},\"datePublished\":\"2023-09-05T11:27:07+00:00\",\"dateModified\":\"2023-09-05T11:37:14+00:00\",\"breadcrumb\":{\"@id\":\"https:\/\/comunicarteconsulting.com\/politica-de-cookies\/#breadcrumb\"},\"inLanguage\":\"en-US\",\"potentialAction\":[{\"@type\":\"ReadAction\",\"target\":[\"https:\/\/comunicarteconsulting.com\/politica-de-cookies\/\"]}]},{\"@type\":\"BreadcrumbList\",\"@id\":\"https:\/\/comunicarteconsulting.com\/politica-de-cookies\/#breadcrumb\",\"itemListElement\":[{\"@type\":\"ListItem\",\"position\":1,\"name\":\"Portada\",\"item\":\"https:\/\/comunicarteconsulting.com\/\"},{\"@type\":\"ListItem\",\"position\":2,\"name\":\"Cookies policy\"}]},{\"@type\":\"WebSite\",\"@id\":\"https:\/\/comunicarteconsulting.com\/#website\",\"url\":\"https:\/\/comunicarteconsulting.com\/\",\"name\":\"Comunicarte\",\"description\":\"Somos una empresa que dise\u00f1amos y gestionamos proyectos, iniciativas y espacios donde la cultura, el di\u00e1logo, la innovaci\u00f3n y la sostenibilidad son nuestras se\u00f1as de identidad.\",\"publisher\":{\"@id\":\"https:\/\/comunicarteconsulting.com\/#organization\"},\"potentialAction\":[{\"@type\":\"SearchAction\",\"target\":{\"@type\":\"EntryPoint\",\"urlTemplate\":\"https:\/\/comunicarteconsulting.com\/?s={search_term_string}\"},\"query-input\":\"required name=search_term_string\"}],\"inLanguage\":\"en-US\"},{\"@type\":\"Organization\",\"@id\":\"https:\/\/comunicarteconsulting.com\/#organization\",\"name\":\"Comunicarte\",\"url\":\"https:\/\/comunicarteconsulting.com\/\",\"logo\":{\"@type\":\"ImageObject\",\"inLanguage\":\"en-US\",\"@id\":\"https:\/\/comunicarteconsulting.com\/#\/schema\/logo\/image\/\",\"url\":\"https:\/\/comunicarteconsulting.com\/wp-content\/uploads\/2023\/05\/cropped-COMUNICARTE-LOGO.png\",\"contentUrl\":\"https:\/\/comunicarteconsulting.com\/wp-content\/uploads\/2023\/05\/cropped-COMUNICARTE-LOGO.png\",\"width\":426,\"height\":181,\"caption\":\"Comunicarte\"},\"image\":{\"@id\":\"https:\/\/comunicarteconsulting.com\/#\/schema\/logo\/image\/\"}}]}<\/script>\n<!-- \/ Yoast SEO plugin. -->","yoast_head_json":{"title":"Cookies policy - Comunicarte","robots":{"index":"index","follow":"follow","max-snippet":"max-snippet:-1","max-image-preview":"max-image-preview:large","max-video-preview":"max-video-preview:-1"},"canonical":"https:\/\/comunicarteconsulting.com\/politica-de-cookies\/","og_locale":"en_US","og_type":"article","og_title":"Cookies policy - Comunicarte","og_description":"Cookies policy","og_url":"https:\/\/comunicarteconsulting.com\/politica-de-cookies\/","og_site_name":"Comunicarte","article_modified_time":"2023-09-05T11:37:14+00:00","twitter_card":"summary_large_image","schema":{"@context":"https:\/\/schema.org","@graph":[{"@type":"WebPage","@id":"https:\/\/comunicarteconsulting.com\/politica-de-cookies\/","url":"https:\/\/comunicarteconsulting.com\/politica-de-cookies\/","name":"Cookies policy - Comunicarte","isPartOf":{"@id":"https:\/\/comunicarteconsulting.com\/#website"},"datePublished":"2023-09-05T11:27:07+00:00","dateModified":"2023-09-05T11:37:14+00:00","breadcrumb":{"@id":"https:\/\/comunicarteconsulting.com\/politica-de-cookies\/#breadcrumb"},"inLanguage":"en-US","potentialAction":[{"@type":"ReadAction","target":["https:\/\/comunicarteconsulting.com\/politica-de-cookies\/"]}]},{"@type":"BreadcrumbList","@id":"https:\/\/comunicarteconsulting.com\/politica-de-cookies\/#breadcrumb","itemListElement":[{"@type":"ListItem","position":1,"name":"Portada","item":"https:\/\/comunicarteconsulting.com\/"},{"@type":"ListItem","position":2,"name":"Cookies policy"}]},{"@type":"WebSite","@id":"https:\/\/comunicarteconsulting.com\/#website","url":"https:\/\/comunicarteconsulting.com\/","name":"Comunicarte","description":"Somos una empresa que dise\u00f1amos y gestionamos proyectos, iniciativas y espacios donde la cultura, el di\u00e1logo, la innovaci\u00f3n y la sostenibilidad son nuestras se\u00f1as de identidad.","publisher":{"@id":"https:\/\/comunicarteconsulting.com\/#organization"},"potentialAction":[{"@type":"SearchAction","target":{"@type":"EntryPoint","urlTemplate":"https:\/\/comunicarteconsulting.com\/?s={search_term_string}"},"query-input":"required name=search_term_string"}],"inLanguage":"en-US"},{"@type":"Organization","@id":"https:\/\/comunicarteconsulting.com\/#organization","name":"Comunicarte","url":"https:\/\/comunicarteconsulting.com\/","logo":{"@type":"ImageObject","inLanguage":"en-US","@id":"https:\/\/comunicarteconsulting.com\/#\/schema\/logo\/image\/","url":"https:\/\/comunicarteconsulting.com\/wp-content\/uploads\/2023\/05\/cropped-COMUNICARTE-LOGO.png","contentUrl":"https:\/\/comunicarteconsulting.com\/wp-content\/uploads\/2023\/05\/cropped-COMUNICARTE-LOGO.png","width":426,"height":181,"caption":"Comunicarte"},"image":{"@id":"https:\/\/comunicarteconsulting.com\/#\/schema\/logo\/image\/"}}]}},"_links":{"self":[{"href":"https:\/\/comunicarteconsulting.com\/en\/wp-json\/wp\/v2\/pages\/2437"}],"collection":[{"href":"https:\/\/comunicarteconsulting.com\/en\/wp-json\/wp\/v2\/pages"}],"about":[{"href":"https:\/\/comunicarteconsulting.com\/en\/wp-json\/wp\/v2\/types\/page"}],"author":[{"embeddable":true,"href":"https:\/\/comunicarteconsulting.com\/en\/wp-json\/wp\/v2\/users\/2"}],"replies":[{"embeddable":true,"href":"https:\/\/comunicarteconsulting.com\/en\/wp-json\/wp\/v2\/comments?post=2437"}],"version-history":[{"count":1,"href":"https:\/\/comunicarteconsulting.com\/en\/wp-json\/wp\/v2\/pages\/2437\/revisions"}],"predecessor-version":[{"id":2438,"href":"https:\/\/comunicarteconsulting.com\/en\/wp-json\/wp\/v2\/pages\/2437\/revisions\/2438"}],"wp:attachment":[{"href":"https:\/\/comunicarteconsulting.com\/en\/wp-json\/wp\/v2\/media?parent=2437"}],"curies":[{"name":"wp","href":"https:\/\/api.w.org\/{rel}","templated":true}]}}