{"id":2349,"date":"2023-05-16T14:12:50","date_gmt":"2023-05-16T14:12:50","guid":{"rendered":"https:\/\/comunicarteconsulting.com\/services\/"},"modified":"2023-09-01T10:24:56","modified_gmt":"2023-09-01T10:24:56","slug":"services","status":"publish","type":"page","link":"https:\/\/comunicarteconsulting.com\/en\/services\/","title":{"rendered":"Services"},"content":{"rendered":"\t\t<div data-elementor-type=\"wp-page\" data-elementor-id=\"2349\" class=\"elementor elementor-2349 elementor-348\" data-elementor-post-type=\"page\">\n\t\t\t\t\t\t\t\t\t<section class=\"elementor-section elementor-top-section elementor-element elementor-element-d4bea69 elementor-section-full_width elementor-section-height-min-height elementor-section-items-top elementor-section-height-default\" data-id=\"d4bea69\" data-element_type=\"section\" data-settings=\"{&quot;background_background&quot;:&quot;classic&quot;}\">\n\t\t\t\t\t\t<div class=\"elementor-container elementor-column-gap-default\">\n\t\t\t\t\t<div class=\"elementor-column elementor-col-33 elementor-top-column elementor-element elementor-element-3916e5d\" data-id=\"3916e5d\" data-element_type=\"column\">\n\t\t\t<div class=\"elementor-widget-wrap\">\n\t\t\t\t\t\t\t\t\t<\/div>\n\t\t<\/div>\n\t\t\t\t<div class=\"elementor-column elementor-col-33 elementor-top-column elementor-element elementor-element-2ab1811\" data-id=\"2ab1811\" data-element_type=\"column\">\n\t\t\t<div class=\"elementor-widget-wrap elementor-element-populated\">\n\t\t\t\t\t\t\t\t<div class=\"elementor-element elementor-element-f9382c0 elementor-widget elementor-widget-image\" data-id=\"f9382c0\" data-element_type=\"widget\" data-widget_type=\"image.default\">\n\t\t\t\t<div class=\"elementor-widget-container\">\n\t\t\t<style>\/*! elementor - v3.17.0 - 01-11-2023 *\/\n.elementor-widget-image{text-align:center}.elementor-widget-image a{display:inline-block}.elementor-widget-image a img[src$=\".svg\"]{width:48px}.elementor-widget-image img{vertical-align:middle;display:inline-block}<\/style>\t\t\t\t\t\t\t\t\t\t\t\t<img decoding=\"async\" loading=\"lazy\" width=\"2000\" height=\"1000\" src=\"https:\/\/comunicarteconsulting.com\/wp-content\/uploads\/2023\/07\/Futuro-Programa.jpeg\" class=\"attachment-full size-full wp-image-2313\" alt=\"\" srcset=\"https:\/\/comunicarteconsulting.com\/wp-content\/uploads\/2023\/07\/Futuro-Programa.jpeg 2000w, https:\/\/comunicarteconsulting.com\/wp-content\/uploads\/2023\/07\/Futuro-Programa-300x150.jpeg 300w, https:\/\/comunicarteconsulting.com\/wp-content\/uploads\/2023\/07\/Futuro-Programa-1024x512.jpeg 1024w, https:\/\/comunicarteconsulting.com\/wp-content\/uploads\/2023\/07\/Futuro-Programa-768x384.jpeg 768w, https:\/\/comunicarteconsulting.com\/wp-content\/uploads\/2023\/07\/Futuro-Programa-1536x768.jpeg 1536w\" sizes=\"(max-width: 2000px) 100vw, 2000px\" \/>\t\t\t\t\t\t\t\t\t\t\t\t\t\t\t<\/div>\n\t\t\t\t<\/div>\n\t\t\t\t\t<\/div>\n\t\t<\/div>\n\t\t\t\t<div class=\"elementor-column elementor-col-33 elementor-top-column elementor-element elementor-element-f9876dc\" data-id=\"f9876dc\" data-element_type=\"column\">\n\t\t\t<div class=\"elementor-widget-wrap elementor-element-populated\">\n\t\t\t\t\t\t\t\t<div class=\"elementor-element elementor-element-5281513 elementor-widget elementor-widget-image\" data-id=\"5281513\" data-element_type=\"widget\" data-widget_type=\"image.default\">\n\t\t\t\t<div class=\"elementor-widget-container\">\n\t\t\t\t\t\t\t\t\t\t\t\t\t\t\t\t<a href=\"#gestion\">\n\t\t\t\t\t\t\t<img decoding=\"async\" loading=\"lazy\" width=\"150\" height=\"150\" src=\"https:\/\/comunicarteconsulting.com\/wp-content\/uploads\/2023\/05\/Mesa-de-trabajo-2as-150x150.png\" class=\"elementor-animation-hang attachment-thumbnail size-thumbnail wp-image-2058\" alt=\"\" \/>\t\t\t\t\t\t\t\t<\/a>\n\t\t\t\t\t\t\t\t\t\t\t\t\t\t\t<\/div>\n\t\t\t\t<\/div>\n\t\t\t\t\t<\/div>\n\t\t<\/div>\n\t\t\t\t\t\t\t<\/div>\n\t\t<\/section>\n\t\t\t\t<section class=\"elementor-section elementor-top-section elementor-element elementor-element-eb45fab elementor-section-full_width elementor-section-height-default elementor-section-height-default\" data-id=\"eb45fab\" data-element_type=\"section\">\n\t\t\t\t\t\t<div class=\"elementor-container elementor-column-gap-default\">\n\t\t\t\t\t<div class=\"elementor-column elementor-col-100 elementor-top-column elementor-element elementor-element-3b3a23f\" data-id=\"3b3a23f\" data-element_type=\"column\">\n\t\t\t<div class=\"elementor-widget-wrap elementor-element-populated\">\n\t\t\t\t\t\t\t\t<div class=\"elementor-element elementor-element-986a5ed elementor-widget elementor-widget-heading\" data-id=\"986a5ed\" data-element_type=\"widget\" data-widget_type=\"heading.default\">\n\t\t\t\t<div class=\"elementor-widget-container\">\n\t\t\t<style>\/*! elementor - v3.17.0 - 01-11-2023 *\/\n.elementor-heading-title{padding:0;margin:0;line-height:1}.elementor-widget-heading .elementor-heading-title[class*=elementor-size-]>a{color:inherit;font-size:inherit;line-height:inherit}.elementor-widget-heading .elementor-heading-title.elementor-size-small{font-size:15px}.elementor-widget-heading .elementor-heading-title.elementor-size-medium{font-size:19px}.elementor-widget-heading .elementor-heading-title.elementor-size-large{font-size:29px}.elementor-widget-heading .elementor-heading-title.elementor-size-xl{font-size:39px}.elementor-widget-heading .elementor-heading-title.elementor-size-xxl{font-size:59px}<\/style><h2 class=\"elementor-heading-title elementor-size-default\">What<br>\ndo we offer?<\/h2>\t\t<\/div>\n\t\t\t\t<\/div>\n\t\t\t\t\t<\/div>\n\t\t<\/div>\n\t\t\t\t\t\t\t<\/div>\n\t\t<\/section>\n\t\t\t\t<section class=\"elementor-section elementor-top-section elementor-element elementor-element-38bbfe1 elementor-section-boxed elementor-section-height-default elementor-section-height-default\" data-id=\"38bbfe1\" data-element_type=\"section\">\n\t\t\t\t\t\t<div class=\"elementor-container elementor-column-gap-default\">\n\t\t\t\t\t<div class=\"elementor-column elementor-col-50 elementor-top-column elementor-element elementor-element-5341d59\" data-id=\"5341d59\" data-element_type=\"column\">\n\t\t\t<div class=\"elementor-widget-wrap elementor-element-populated\">\n\t\t\t\t\t\t\t\t<div class=\"elementor-element elementor-element-ae4efd8 elementor-widget elementor-widget-heading\" data-id=\"ae4efd8\" data-element_type=\"widget\" data-widget_type=\"heading.default\">\n\t\t\t\t<div class=\"elementor-widget-container\">\n\t\t\t<h2 class=\"elementor-heading-title elementor-size-default\">Integral Communication<\/h2>\t\t<\/div>\n\t\t\t\t<\/div>\n\t\t\t\t<div class=\"elementor-element elementor-element-1a1903c elementor-widget elementor-widget-text-editor\" data-id=\"1a1903c\" data-element_type=\"widget\" data-widget_type=\"text-editor.default\">\n\t\t\t\t<div class=\"elementor-widget-container\">\n\t\t\t<style>\/*! elementor - v3.17.0 - 01-11-2023 *\/\n.elementor-widget-text-editor.elementor-drop-cap-view-stacked .elementor-drop-cap{background-color:#69727d;color:#fff}.elementor-widget-text-editor.elementor-drop-cap-view-framed .elementor-drop-cap{color:#69727d;border:3px solid;background-color:transparent}.elementor-widget-text-editor:not(.elementor-drop-cap-view-default) .elementor-drop-cap{margin-top:8px}.elementor-widget-text-editor:not(.elementor-drop-cap-view-default) .elementor-drop-cap-letter{width:1em;height:1em}.elementor-widget-text-editor .elementor-drop-cap{float:left;text-align:center;line-height:1;font-size:50px}.elementor-widget-text-editor .elementor-drop-cap-letter{display:inline-block}<\/style>\t\t\t\t<p>Calls, press releases and press conferences, informative meetings and clipping in written press, radio, television and online media.<\/p>\n<p>Elaboration of graphic material, photographic reports of events, image bank, corporate image design, brochures and advertising.<\/p>\n<p>Event organization and protocol, blog and website editing, positioning and management of social networks.<\/p>\n\t\t\t\t\t\t<\/div>\n\t\t\t\t<\/div>\n\t\t\t\t\t<\/div>\n\t\t<\/div>\n\t\t\t\t<div class=\"elementor-column elementor-col-50 elementor-top-column elementor-element elementor-element-f683e88\" data-id=\"f683e88\" data-element_type=\"column\">\n\t\t\t<div class=\"elementor-widget-wrap elementor-element-populated\">\n\t\t\t\t\t\t\t\t<div class=\"elementor-element elementor-element-5ab8376 elementor-widget elementor-widget-heading\" data-id=\"5ab8376\" data-element_type=\"widget\" data-widget_type=\"heading.default\">\n\t\t\t\t<div class=\"elementor-widget-container\">\n\t\t\t<h2 class=\"elementor-heading-title elementor-size-default\">Cultural Management<\/h2>\t\t<\/div>\n\t\t\t\t<\/div>\n\t\t\t\t<div class=\"elementor-element elementor-element-2611111 elementor-widget elementor-widget-text-editor\" data-id=\"2611111\" data-element_type=\"widget\" data-widget_type=\"text-editor.default\">\n\t\t\t\t<div class=\"elementor-widget-container\">\n\t\t\t\t\t\t\t<p>We design and develop all kinds of projects, cultural and creative activities, both those of a one-off nature, such as exhibitions, conferences, events and educational workshops, as well as commissioning programming services, production and execution of cultural initiatives in the medium and long term, as well as the management of creative spaces.<\/p>\n<p>In the cultural field, one of our specialties is the design, management and justification for the search of public or private funding for projects in this field.<\/p>\n\t\t\t\t\t\t<\/div>\n\t\t\t\t<\/div>\n\t\t\t\t\t<\/div>\n\t\t<\/div>\n\t\t\t\t\t\t\t<\/div>\n\t\t<\/section>\n\t\t\t\t<section class=\"elementor-section elementor-top-section elementor-element elementor-element-5d6560f elementor-section-boxed elementor-section-height-default elementor-section-height-default\" data-id=\"5d6560f\" data-element_type=\"section\" id=\"gestion\">\n\t\t\t\t\t\t<div class=\"elementor-container elementor-column-gap-default\">\n\t\t\t\t\t<div class=\"elementor-column elementor-col-50 elementor-top-column elementor-element elementor-element-5182cd2\" data-id=\"5182cd2\" data-element_type=\"column\">\n\t\t\t<div class=\"elementor-widget-wrap elementor-element-populated\">\n\t\t\t\t\t\t\t\t<div class=\"elementor-element elementor-element-0e2bb6e elementor-widget elementor-widget-heading\" data-id=\"0e2bb6e\" data-element_type=\"widget\" data-widget_type=\"heading.default\">\n\t\t\t\t<div class=\"elementor-widget-container\">\n\t\t\t<h2 class=\"elementor-heading-title elementor-size-default\">Tourism and Leisure Innovation<\/h2>\t\t<\/div>\n\t\t\t\t<\/div>\n\t\t\t\t<div class=\"elementor-element elementor-element-084034a elementor-widget elementor-widget-text-editor\" data-id=\"084034a\" data-element_type=\"widget\" data-widget_type=\"text-editor.default\">\n\t\t\t\t<div class=\"elementor-widget-container\">\n\t\t\t\t\t\t\t<p>We conceive projects, initiatives and events that value innovation and sustainable tourism.<\/p>\n<p>In this area, we have two lines of action. On the one hand, tourism innovation projects of our own initiative and that address issues of general interest; and on the other hand, we develop and produce actions for third parties, both public and private.<\/p>\n\t\t\t\t\t\t<\/div>\n\t\t\t\t<\/div>\n\t\t\t\t\t<\/div>\n\t\t<\/div>\n\t\t\t\t<div class=\"elementor-column elementor-col-50 elementor-top-column elementor-element elementor-element-17a3cd6\" data-id=\"17a3cd6\" data-element_type=\"column\">\n\t\t\t<div class=\"elementor-widget-wrap elementor-element-populated\">\n\t\t\t\t\t\t\t\t<div class=\"elementor-element elementor-element-4a2012b elementor-widget elementor-widget-heading\" data-id=\"4a2012b\" data-element_type=\"widget\" data-widget_type=\"heading.default\">\n\t\t\t\t<div class=\"elementor-widget-container\">\n\t\t\t<h2 class=\"elementor-heading-title elementor-size-default\">Project finance consulting<\/h2>\t\t<\/div>\n\t\t\t\t<\/div>\n\t\t\t\t<div class=\"elementor-element elementor-element-d0ce9be elementor-widget elementor-widget-text-editor\" data-id=\"d0ce9be\" data-element_type=\"widget\" data-widget_type=\"text-editor.default\">\n\t\t\t\t<div class=\"elementor-widget-container\">\n\t\t\t\t\t\t\t<p>In a transversal way to all our services, we provide the possibility of advice and consultancy on public financing in all its areas of competence (European funds, national, regional and local incentives), according to the project addressed, <span class=\"notion-enable-hover\" data-token-index=\"1\">ensuring <\/span>greater financing opportunities for our clients, and the enhancement of their final proposals.<\/p>\n<p>We also take care of the search for financing and private sponsorships. In this case, it can be a punctual performance for a specific project; or it can be part of an integral development and production proposal within the different assignments of our services.<\/p>\n\t\t\t\t\t\t<\/div>\n\t\t\t\t<\/div>\n\t\t\t\t<div class=\"elementor-element elementor-element-49089b2 elementor-align-right elementor-widget elementor-widget-button\" data-id=\"49089b2\" data-element_type=\"widget\" data-widget_type=\"button.default\">\n\t\t\t\t<div class=\"elementor-widget-container\">\n\t\t\t\t\t<div class=\"elementor-button-wrapper\">\n\t\t\t<a class=\"elementor-button elementor-button-link elementor-size-sm elementor-animation-hang\" href=\"https:\/\/comunicarteconsulting.com\/en\/projects\/\">\n\t\t\t\t\t\t<span class=\"elementor-button-content-wrapper\">\n\t\t\t\t\t\t<span class=\"elementor-button-icon elementor-align-icon-right\">\n\t\t\t\t<svg xmlns=\"http:\/\/www.w3.org\/2000\/svg\" id=\"Capa_1\" data-name=\"Capa 1\" viewBox=\"0 0 396.26 355.4\"><defs><style>      .cls-1 {        fill: #ffcf02;      }    <\/style><\/defs><polygon class=\"cls-1\" points=\"311.5 210.57 198.13 276.03 84.75 341.49 84.75 210.57 84.75 79.66 198.13 145.12 311.5 210.57\"><\/polygon><\/svg>\t\t\t<\/span>\n\t\t\t\t\t\t<span class=\"elementor-button-text\">Discover our projects<\/span>\n\t\t<\/span>\n\t\t\t\t\t<\/a>\n\t\t<\/div>\n\t\t\t\t<\/div>\n\t\t\t\t<\/div>\n\t\t\t\t\t<\/div>\n\t\t<\/div>\n\t\t\t\t\t\t\t<\/div>\n\t\t<\/section>\n\t\t\t\t\t\t\t<\/div>\n\t\t","protected":false},"excerpt":{"rendered":"<p>What do we offer? Integral Communication Calls, press releases and press conferences, informative meetings and clipping in written press, radio, television and online media. Elaboration of graphic material, photographic reports of events, image bank, corporate image design, brochures and advertising. Event organization and protocol, blog and website editing, positioning and management of social networks. Cultural [&hellip;]<\/p>\n","protected":false},"author":1,"featured_media":0,"parent":0,"menu_order":0,"comment_status":"closed","ping_status":"closed","template":"elementor_header_footer","meta":{"footnotes":""},"yoast_head":"<!-- This site is optimized with the Yoast SEO plugin v21.5 - https:\/\/yoast.com\/wordpress\/plugins\/seo\/ -->\n<title>Services - Comunicarte<\/title>\n<meta name=\"robots\" content=\"index, follow, max-snippet:-1, max-image-preview:large, max-video-preview:-1\" \/>\n<link rel=\"canonical\" href=\"https:\/\/comunicarteconsulting.com\/en\/services\/\" \/>\n<meta property=\"og:locale\" content=\"en_US\" \/>\n<meta property=\"og:type\" content=\"article\" \/>\n<meta property=\"og:title\" content=\"Services - Comunicarte\" \/>\n<meta property=\"og:description\" content=\"What do we offer? Integral Communication Calls, press releases and press conferences, informative meetings and clipping in written press, radio, television and online media. Elaboration of graphic material, photographic reports of events, image bank, corporate image design, brochures and advertising. Event organization and protocol, blog and website editing, positioning and management of social networks. Cultural [&hellip;]\" \/>\n<meta property=\"og:url\" content=\"https:\/\/comunicarteconsulting.com\/en\/services\/\" \/>\n<meta property=\"og:site_name\" content=\"Comunicarte\" \/>\n<meta property=\"article:modified_time\" content=\"2023-09-01T10:24:56+00:00\" \/>\n<meta property=\"og:image\" content=\"https:\/\/comunicarteconsulting.com\/wp-content\/uploads\/2023\/07\/Futuro-Programa.jpeg\" \/>\n<meta name=\"twitter:card\" content=\"summary_large_image\" \/>\n<meta name=\"twitter:label1\" content=\"Est. reading time\" \/>\n\t<meta name=\"twitter:data1\" content=\"1 minute\" \/>\n<script type=\"application\/ld+json\" class=\"yoast-schema-graph\">{\"@context\":\"https:\/\/schema.org\",\"@graph\":[{\"@type\":\"WebPage\",\"@id\":\"https:\/\/comunicarteconsulting.com\/en\/services\/\",\"url\":\"https:\/\/comunicarteconsulting.com\/en\/services\/\",\"name\":\"Services - Comunicarte\",\"isPartOf\":{\"@id\":\"https:\/\/comunicarteconsulting.com\/#website\"},\"datePublished\":\"2023-05-16T14:12:50+00:00\",\"dateModified\":\"2023-09-01T10:24:56+00:00\",\"breadcrumb\":{\"@id\":\"https:\/\/comunicarteconsulting.com\/en\/services\/#breadcrumb\"},\"inLanguage\":\"en-US\",\"potentialAction\":[{\"@type\":\"ReadAction\",\"target\":[\"https:\/\/comunicarteconsulting.com\/en\/services\/\"]}]},{\"@type\":\"BreadcrumbList\",\"@id\":\"https:\/\/comunicarteconsulting.com\/en\/services\/#breadcrumb\",\"itemListElement\":[{\"@type\":\"ListItem\",\"position\":1,\"name\":\"Portada\",\"item\":\"https:\/\/comunicarteconsulting.com\/\"},{\"@type\":\"ListItem\",\"position\":2,\"name\":\"Services\"}]},{\"@type\":\"WebSite\",\"@id\":\"https:\/\/comunicarteconsulting.com\/#website\",\"url\":\"https:\/\/comunicarteconsulting.com\/\",\"name\":\"Comunicarte\",\"description\":\"Somos una empresa que dise\u00f1amos y gestionamos proyectos, iniciativas y espacios donde la cultura, el di\u00e1logo, la innovaci\u00f3n y la sostenibilidad son nuestras se\u00f1as de identidad.\",\"publisher\":{\"@id\":\"https:\/\/comunicarteconsulting.com\/#organization\"},\"potentialAction\":[{\"@type\":\"SearchAction\",\"target\":{\"@type\":\"EntryPoint\",\"urlTemplate\":\"https:\/\/comunicarteconsulting.com\/?s={search_term_string}\"},\"query-input\":\"required name=search_term_string\"}],\"inLanguage\":\"en-US\"},{\"@type\":\"Organization\",\"@id\":\"https:\/\/comunicarteconsulting.com\/#organization\",\"name\":\"Comunicarte\",\"url\":\"https:\/\/comunicarteconsulting.com\/\",\"logo\":{\"@type\":\"ImageObject\",\"inLanguage\":\"en-US\",\"@id\":\"https:\/\/comunicarteconsulting.com\/#\/schema\/logo\/image\/\",\"url\":\"https:\/\/comunicarteconsulting.com\/wp-content\/uploads\/2023\/05\/cropped-COMUNICARTE-LOGO.png\",\"contentUrl\":\"https:\/\/comunicarteconsulting.com\/wp-content\/uploads\/2023\/05\/cropped-COMUNICARTE-LOGO.png\",\"width\":426,\"height\":181,\"caption\":\"Comunicarte\"},\"image\":{\"@id\":\"https:\/\/comunicarteconsulting.com\/#\/schema\/logo\/image\/\"}}]}<\/script>\n<!-- \/ Yoast SEO plugin. -->","yoast_head_json":{"title":"Services - Comunicarte","robots":{"index":"index","follow":"follow","max-snippet":"max-snippet:-1","max-image-preview":"max-image-preview:large","max-video-preview":"max-video-preview:-1"},"canonical":"https:\/\/comunicarteconsulting.com\/en\/services\/","og_locale":"en_US","og_type":"article","og_title":"Services - Comunicarte","og_description":"What do we offer? Integral Communication Calls, press releases and press conferences, informative meetings and clipping in written press, radio, television and online media. Elaboration of graphic material, photographic reports of events, image bank, corporate image design, brochures and advertising. Event organization and protocol, blog and website editing, positioning and management of social networks. Cultural [&hellip;]","og_url":"https:\/\/comunicarteconsulting.com\/en\/services\/","og_site_name":"Comunicarte","article_modified_time":"2023-09-01T10:24:56+00:00","og_image":[{"url":"https:\/\/comunicarteconsulting.com\/wp-content\/uploads\/2023\/07\/Futuro-Programa.jpeg"}],"twitter_card":"summary_large_image","twitter_misc":{"Est. reading time":"1 minute"},"schema":{"@context":"https:\/\/schema.org","@graph":[{"@type":"WebPage","@id":"https:\/\/comunicarteconsulting.com\/en\/services\/","url":"https:\/\/comunicarteconsulting.com\/en\/services\/","name":"Services - Comunicarte","isPartOf":{"@id":"https:\/\/comunicarteconsulting.com\/#website"},"datePublished":"2023-05-16T14:12:50+00:00","dateModified":"2023-09-01T10:24:56+00:00","breadcrumb":{"@id":"https:\/\/comunicarteconsulting.com\/en\/services\/#breadcrumb"},"inLanguage":"en-US","potentialAction":[{"@type":"ReadAction","target":["https:\/\/comunicarteconsulting.com\/en\/services\/"]}]},{"@type":"BreadcrumbList","@id":"https:\/\/comunicarteconsulting.com\/en\/services\/#breadcrumb","itemListElement":[{"@type":"ListItem","position":1,"name":"Portada","item":"https:\/\/comunicarteconsulting.com\/"},{"@type":"ListItem","position":2,"name":"Services"}]},{"@type":"WebSite","@id":"https:\/\/comunicarteconsulting.com\/#website","url":"https:\/\/comunicarteconsulting.com\/","name":"Comunicarte","description":"Somos una empresa que dise\u00f1amos y gestionamos proyectos, iniciativas y espacios donde la cultura, el di\u00e1logo, la innovaci\u00f3n y la sostenibilidad son nuestras se\u00f1as de identidad.","publisher":{"@id":"https:\/\/comunicarteconsulting.com\/#organization"},"potentialAction":[{"@type":"SearchAction","target":{"@type":"EntryPoint","urlTemplate":"https:\/\/comunicarteconsulting.com\/?s={search_term_string}"},"query-input":"required name=search_term_string"}],"inLanguage":"en-US"},{"@type":"Organization","@id":"https:\/\/comunicarteconsulting.com\/#organization","name":"Comunicarte","url":"https:\/\/comunicarteconsulting.com\/","logo":{"@type":"ImageObject","inLanguage":"en-US","@id":"https:\/\/comunicarteconsulting.com\/#\/schema\/logo\/image\/","url":"https:\/\/comunicarteconsulting.com\/wp-content\/uploads\/2023\/05\/cropped-COMUNICARTE-LOGO.png","contentUrl":"https:\/\/comunicarteconsulting.com\/wp-content\/uploads\/2023\/05\/cropped-COMUNICARTE-LOGO.png","width":426,"height":181,"caption":"Comunicarte"},"image":{"@id":"https:\/\/comunicarteconsulting.com\/#\/schema\/logo\/image\/"}}]}},"_links":{"self":[{"href":"https:\/\/comunicarteconsulting.com\/en\/wp-json\/wp\/v2\/pages\/2349"}],"collection":[{"href":"https:\/\/comunicarteconsulting.com\/en\/wp-json\/wp\/v2\/pages"}],"about":[{"href":"https:\/\/comunicarteconsulting.com\/en\/wp-json\/wp\/v2\/types\/page"}],"author":[{"embeddable":true,"href":"https:\/\/comunicarteconsulting.com\/en\/wp-json\/wp\/v2\/users\/1"}],"replies":[{"embeddable":true,"href":"https:\/\/comunicarteconsulting.com\/en\/wp-json\/wp\/v2\/comments?post=2349"}],"version-history":[{"count":1,"href":"https:\/\/comunicarteconsulting.com\/en\/wp-json\/wp\/v2\/pages\/2349\/revisions"}],"predecessor-version":[{"id":2350,"href":"https:\/\/comunicarteconsulting.com\/en\/wp-json\/wp\/v2\/pages\/2349\/revisions\/2350"}],"wp:attachment":[{"href":"https:\/\/comunicarteconsulting.com\/en\/wp-json\/wp\/v2\/media?parent=2349"}],"curies":[{"name":"wp","href":"https:\/\/api.w.org\/{rel}","templated":true}]}}